{"id":28,"date":"2018-05-01T04:18:04","date_gmt":"2018-05-01T02:18:04","guid":{"rendered":"http:\/\/atomic.oxy.host\/?page_id=233"},"modified":"2022-11-06T08:53:35","modified_gmt":"2022-11-06T07:53:35","slug":"kontakt","status":"publish","type":"page","link":"https:\/\/daw-term-bud.com\/index.php\/kontakt\/","title":{"rendered":"Kontakt"},"content":{"rendered":"","protected":false},"excerpt":{"rendered":"","protected":false},"author":1,"featured_media":0,"parent":0,"menu_order":0,"comment_status":"closed","ping_status":"closed","template":"","meta":{"inline_featured_image":false,"footnotes":""},"class_list":["post-28","page","type-page","status-publish","hentry"],"yoast_head":"<!-- This site is optimized with the Yoast SEO plugin v27.3 - https:\/\/yoast.com\/product\/yoast-seo-wordpress\/ -->\n<title>Kontakt - Daw-Term-Bud<\/title>\n<meta name=\"robots\" content=\"index, follow, max-snippet:-1, max-image-preview:large, max-video-preview:-1\" \/>\n<link rel=\"canonical\" href=\"https:\/\/daw-term-bud.com\/index.php\/kontakt\/\" \/>\n<meta property=\"og:locale\" content=\"pl_PL\" \/>\n<meta property=\"og:type\" content=\"article\" \/>\n<meta property=\"og:title\" content=\"Kontakt - Daw-Term-Bud\" \/>\n<meta property=\"og:url\" content=\"https:\/\/daw-term-bud.com\/index.php\/kontakt\/\" \/>\n<meta property=\"og:site_name\" content=\"Daw-Term-Bud\" \/>\n<meta property=\"article:publisher\" content=\"https:\/\/www.facebook.com\/profile.php?id=100068307712218\" \/>\n<meta property=\"article:modified_time\" content=\"2022-11-06T07:53:35+00:00\" \/>\n<meta name=\"twitter:card\" content=\"summary_large_image\" \/>\n<script type=\"application\/ld+json\" class=\"yoast-schema-graph\">{\"@context\":\"https:\\\/\\\/schema.org\",\"@graph\":[{\"@type\":\"WebPage\",\"@id\":\"https:\\\/\\\/daw-term-bud.com\\\/index.php\\\/kontakt\\\/\",\"url\":\"https:\\\/\\\/daw-term-bud.com\\\/index.php\\\/kontakt\\\/\",\"name\":\"Kontakt - Daw-Term-Bud\",\"isPartOf\":{\"@id\":\"https:\\\/\\\/daw-term-bud.com\\\/#website\"},\"datePublished\":\"2018-05-01T02:18:04+00:00\",\"dateModified\":\"2022-11-06T07:53:35+00:00\",\"breadcrumb\":{\"@id\":\"https:\\\/\\\/daw-term-bud.com\\\/index.php\\\/kontakt\\\/#breadcrumb\"},\"inLanguage\":\"pl-PL\",\"potentialAction\":[{\"@type\":\"ReadAction\",\"target\":[\"https:\\\/\\\/daw-term-bud.com\\\/index.php\\\/kontakt\\\/\"]}]},{\"@type\":\"BreadcrumbList\",\"@id\":\"https:\\\/\\\/daw-term-bud.com\\\/index.php\\\/kontakt\\\/#breadcrumb\",\"itemListElement\":[{\"@type\":\"ListItem\",\"position\":1,\"name\":\"Strona g\u0142\u00f3wna\",\"item\":\"https:\\\/\\\/daw-term-bud.com\\\/\"},{\"@type\":\"ListItem\",\"position\":2,\"name\":\"Kontakt\"}]},{\"@type\":\"WebSite\",\"@id\":\"https:\\\/\\\/daw-term-bud.com\\\/#website\",\"url\":\"https:\\\/\\\/daw-term-bud.com\\\/\",\"name\":\"Daw-Term-Bud\",\"description\":\"Izolacje we\u0142n\u0105 celulozow\u0105\",\"publisher\":{\"@id\":\"https:\\\/\\\/daw-term-bud.com\\\/#organization\"},\"potentialAction\":[{\"@type\":\"SearchAction\",\"target\":{\"@type\":\"EntryPoint\",\"urlTemplate\":\"https:\\\/\\\/daw-term-bud.com\\\/?s={search_term_string}\"},\"query-input\":{\"@type\":\"PropertyValueSpecification\",\"valueRequired\":true,\"valueName\":\"search_term_string\"}}],\"inLanguage\":\"pl-PL\"},{\"@type\":\"Organization\",\"@id\":\"https:\\\/\\\/daw-term-bud.com\\\/#organization\",\"name\":\"Dawid Kry\u015bciak, DAW-TERM-BUD\",\"url\":\"https:\\\/\\\/daw-term-bud.com\\\/\",\"logo\":{\"@type\":\"ImageObject\",\"inLanguage\":\"pl-PL\",\"@id\":\"https:\\\/\\\/daw-term-bud.com\\\/#\\\/schema\\\/logo\\\/image\\\/\",\"url\":\"http:\\\/\\\/daw-term-bud.com\\\/wp-content\\\/uploads\\\/2022\\\/11\\\/daw-term-bud-logo.svg\",\"contentUrl\":\"http:\\\/\\\/daw-term-bud.com\\\/wp-content\\\/uploads\\\/2022\\\/11\\\/daw-term-bud-logo.svg\",\"width\":\"1024\",\"height\":\"1024\",\"caption\":\"Dawid Kry\u015bciak, DAW-TERM-BUD\"},\"image\":{\"@id\":\"https:\\\/\\\/daw-term-bud.com\\\/#\\\/schema\\\/logo\\\/image\\\/\"},\"sameAs\":[\"https:\\\/\\\/www.facebook.com\\\/profile.php?id=100068307712218\"]}]}<\/script>\n<!-- \/ Yoast SEO plugin. -->","yoast_head_json":{"title":"Kontakt - Daw-Term-Bud","robots":{"index":"index","follow":"follow","max-snippet":"max-snippet:-1","max-image-preview":"max-image-preview:large","max-video-preview":"max-video-preview:-1"},"canonical":"https:\/\/daw-term-bud.com\/index.php\/kontakt\/","og_locale":"pl_PL","og_type":"article","og_title":"Kontakt - Daw-Term-Bud","og_url":"https:\/\/daw-term-bud.com\/index.php\/kontakt\/","og_site_name":"Daw-Term-Bud","article_publisher":"https:\/\/www.facebook.com\/profile.php?id=100068307712218","article_modified_time":"2022-11-06T07:53:35+00:00","twitter_card":"summary_large_image","schema":{"@context":"https:\/\/schema.org","@graph":[{"@type":"WebPage","@id":"https:\/\/daw-term-bud.com\/index.php\/kontakt\/","url":"https:\/\/daw-term-bud.com\/index.php\/kontakt\/","name":"Kontakt - Daw-Term-Bud","isPartOf":{"@id":"https:\/\/daw-term-bud.com\/#website"},"datePublished":"2018-05-01T02:18:04+00:00","dateModified":"2022-11-06T07:53:35+00:00","breadcrumb":{"@id":"https:\/\/daw-term-bud.com\/index.php\/kontakt\/#breadcrumb"},"inLanguage":"pl-PL","potentialAction":[{"@type":"ReadAction","target":["https:\/\/daw-term-bud.com\/index.php\/kontakt\/"]}]},{"@type":"BreadcrumbList","@id":"https:\/\/daw-term-bud.com\/index.php\/kontakt\/#breadcrumb","itemListElement":[{"@type":"ListItem","position":1,"name":"Strona g\u0142\u00f3wna","item":"https:\/\/daw-term-bud.com\/"},{"@type":"ListItem","position":2,"name":"Kontakt"}]},{"@type":"WebSite","@id":"https:\/\/daw-term-bud.com\/#website","url":"https:\/\/daw-term-bud.com\/","name":"Daw-Term-Bud","description":"Izolacje we\u0142n\u0105 celulozow\u0105","publisher":{"@id":"https:\/\/daw-term-bud.com\/#organization"},"potentialAction":[{"@type":"SearchAction","target":{"@type":"EntryPoint","urlTemplate":"https:\/\/daw-term-bud.com\/?s={search_term_string}"},"query-input":{"@type":"PropertyValueSpecification","valueRequired":true,"valueName":"search_term_string"}}],"inLanguage":"pl-PL"},{"@type":"Organization","@id":"https:\/\/daw-term-bud.com\/#organization","name":"Dawid Kry\u015bciak, DAW-TERM-BUD","url":"https:\/\/daw-term-bud.com\/","logo":{"@type":"ImageObject","inLanguage":"pl-PL","@id":"https:\/\/daw-term-bud.com\/#\/schema\/logo\/image\/","url":"http:\/\/daw-term-bud.com\/wp-content\/uploads\/2022\/11\/daw-term-bud-logo.svg","contentUrl":"http:\/\/daw-term-bud.com\/wp-content\/uploads\/2022\/11\/daw-term-bud-logo.svg","width":"1024","height":"1024","caption":"Dawid Kry\u015bciak, DAW-TERM-BUD"},"image":{"@id":"https:\/\/daw-term-bud.com\/#\/schema\/logo\/image\/"},"sameAs":["https:\/\/www.facebook.com\/profile.php?id=100068307712218"]}]}},"_links":{"self":[{"href":"https:\/\/daw-term-bud.com\/index.php\/wp-json\/wp\/v2\/pages\/28","targetHints":{"allow":["GET"]}}],"collection":[{"href":"https:\/\/daw-term-bud.com\/index.php\/wp-json\/wp\/v2\/pages"}],"about":[{"href":"https:\/\/daw-term-bud.com\/index.php\/wp-json\/wp\/v2\/types\/page"}],"author":[{"embeddable":true,"href":"https:\/\/daw-term-bud.com\/index.php\/wp-json\/wp\/v2\/users\/1"}],"replies":[{"embeddable":true,"href":"https:\/\/daw-term-bud.com\/index.php\/wp-json\/wp\/v2\/comments?post=28"}],"version-history":[{"count":2,"href":"https:\/\/daw-term-bud.com\/index.php\/wp-json\/wp\/v2\/pages\/28\/revisions"}],"predecessor-version":[{"id":80,"href":"https:\/\/daw-term-bud.com\/index.php\/wp-json\/wp\/v2\/pages\/28\/revisions\/80"}],"wp:attachment":[{"href":"https:\/\/daw-term-bud.com\/index.php\/wp-json\/wp\/v2\/media?parent=28"}],"curies":[{"name":"wp","href":"https:\/\/api.w.org\/{rel}","templated":true}]}}