{"id":118,"date":"2023-01-03T13:40:38","date_gmt":"2023-01-03T12:40:38","guid":{"rendered":"http:\/\/daw-term-bud.com\/?page_id=118"},"modified":"2023-01-03T13:40:39","modified_gmt":"2023-01-03T12:40:39","slug":"poradnik","status":"publish","type":"page","link":"https:\/\/daw-term-bud.com\/index.php\/poradnik\/","title":{"rendered":"Poradnik"},"content":{"rendered":"","protected":false},"excerpt":{"rendered":"","protected":false},"author":2,"featured_media":0,"parent":0,"menu_order":0,"comment_status":"closed","ping_status":"closed","template":"","meta":{"inline_featured_image":false,"footnotes":""},"class_list":["post-118","page","type-page","status-publish","hentry"],"yoast_head":"<!-- This site is optimized with the Yoast SEO plugin v27.4 - https:\/\/yoast.com\/product\/yoast-seo-wordpress\/ -->\n<title>Poradnik - Daw-Term-Bud<\/title>\n<meta name=\"robots\" content=\"index, follow, max-snippet:-1, max-image-preview:large, max-video-preview:-1\" \/>\n<link rel=\"canonical\" href=\"https:\/\/daw-term-bud.com\/index.php\/poradnik\/\" \/>\n<meta property=\"og:locale\" content=\"pl_PL\" \/>\n<meta property=\"og:type\" content=\"article\" \/>\n<meta property=\"og:title\" content=\"Poradnik - Daw-Term-Bud\" \/>\n<meta property=\"og:url\" content=\"https:\/\/daw-term-bud.com\/index.php\/poradnik\/\" \/>\n<meta property=\"og:site_name\" content=\"Daw-Term-Bud\" \/>\n<meta property=\"article:publisher\" content=\"https:\/\/www.facebook.com\/profile.php?id=100068307712218\" \/>\n<meta property=\"article:modified_time\" content=\"2023-01-03T12:40:39+00:00\" \/>\n<meta name=\"twitter:card\" content=\"summary_large_image\" \/>\n<script type=\"application\/ld+json\" class=\"yoast-schema-graph\">{\"@context\":\"https:\\\/\\\/schema.org\",\"@graph\":[{\"@type\":\"WebPage\",\"@id\":\"https:\\\/\\\/daw-term-bud.com\\\/index.php\\\/poradnik\\\/\",\"url\":\"https:\\\/\\\/daw-term-bud.com\\\/index.php\\\/poradnik\\\/\",\"name\":\"Poradnik - Daw-Term-Bud\",\"isPartOf\":{\"@id\":\"https:\\\/\\\/daw-term-bud.com\\\/#website\"},\"datePublished\":\"2023-01-03T12:40:38+00:00\",\"dateModified\":\"2023-01-03T12:40:39+00:00\",\"breadcrumb\":{\"@id\":\"https:\\\/\\\/daw-term-bud.com\\\/index.php\\\/poradnik\\\/#breadcrumb\"},\"inLanguage\":\"pl-PL\",\"potentialAction\":[{\"@type\":\"ReadAction\",\"target\":[\"https:\\\/\\\/daw-term-bud.com\\\/index.php\\\/poradnik\\\/\"]}]},{\"@type\":\"BreadcrumbList\",\"@id\":\"https:\\\/\\\/daw-term-bud.com\\\/index.php\\\/poradnik\\\/#breadcrumb\",\"itemListElement\":[{\"@type\":\"ListItem\",\"position\":1,\"name\":\"Strona g\u0142\u00f3wna\",\"item\":\"https:\\\/\\\/daw-term-bud.com\\\/\"},{\"@type\":\"ListItem\",\"position\":2,\"name\":\"Poradnik\"}]},{\"@type\":\"WebSite\",\"@id\":\"https:\\\/\\\/daw-term-bud.com\\\/#website\",\"url\":\"https:\\\/\\\/daw-term-bud.com\\\/\",\"name\":\"Daw-Term-Bud\",\"description\":\"Izolacje we\u0142n\u0105 celulozow\u0105\",\"publisher\":{\"@id\":\"https:\\\/\\\/daw-term-bud.com\\\/#organization\"},\"potentialAction\":[{\"@type\":\"SearchAction\",\"target\":{\"@type\":\"EntryPoint\",\"urlTemplate\":\"https:\\\/\\\/daw-term-bud.com\\\/?s={search_term_string}\"},\"query-input\":{\"@type\":\"PropertyValueSpecification\",\"valueRequired\":true,\"valueName\":\"search_term_string\"}}],\"inLanguage\":\"pl-PL\"},{\"@type\":\"Organization\",\"@id\":\"https:\\\/\\\/daw-term-bud.com\\\/#organization\",\"name\":\"Dawid Kry\u015bciak, DAW-TERM-BUD\",\"url\":\"https:\\\/\\\/daw-term-bud.com\\\/\",\"logo\":{\"@type\":\"ImageObject\",\"inLanguage\":\"pl-PL\",\"@id\":\"https:\\\/\\\/daw-term-bud.com\\\/#\\\/schema\\\/logo\\\/image\\\/\",\"url\":\"http:\\\/\\\/daw-term-bud.com\\\/wp-content\\\/uploads\\\/2022\\\/11\\\/daw-term-bud-logo.svg\",\"contentUrl\":\"http:\\\/\\\/daw-term-bud.com\\\/wp-content\\\/uploads\\\/2022\\\/11\\\/daw-term-bud-logo.svg\",\"width\":\"1024\",\"height\":\"1024\",\"caption\":\"Dawid Kry\u015bciak, DAW-TERM-BUD\"},\"image\":{\"@id\":\"https:\\\/\\\/daw-term-bud.com\\\/#\\\/schema\\\/logo\\\/image\\\/\"},\"sameAs\":[\"https:\\\/\\\/www.facebook.com\\\/profile.php?id=100068307712218\"]}]}<\/script>\n<!-- \/ Yoast SEO plugin. -->","yoast_head_json":{"title":"Poradnik - Daw-Term-Bud","robots":{"index":"index","follow":"follow","max-snippet":"max-snippet:-1","max-image-preview":"max-image-preview:large","max-video-preview":"max-video-preview:-1"},"canonical":"https:\/\/daw-term-bud.com\/index.php\/poradnik\/","og_locale":"pl_PL","og_type":"article","og_title":"Poradnik - Daw-Term-Bud","og_url":"https:\/\/daw-term-bud.com\/index.php\/poradnik\/","og_site_name":"Daw-Term-Bud","article_publisher":"https:\/\/www.facebook.com\/profile.php?id=100068307712218","article_modified_time":"2023-01-03T12:40:39+00:00","twitter_card":"summary_large_image","schema":{"@context":"https:\/\/schema.org","@graph":[{"@type":"WebPage","@id":"https:\/\/daw-term-bud.com\/index.php\/poradnik\/","url":"https:\/\/daw-term-bud.com\/index.php\/poradnik\/","name":"Poradnik - Daw-Term-Bud","isPartOf":{"@id":"https:\/\/daw-term-bud.com\/#website"},"datePublished":"2023-01-03T12:40:38+00:00","dateModified":"2023-01-03T12:40:39+00:00","breadcrumb":{"@id":"https:\/\/daw-term-bud.com\/index.php\/poradnik\/#breadcrumb"},"inLanguage":"pl-PL","potentialAction":[{"@type":"ReadAction","target":["https:\/\/daw-term-bud.com\/index.php\/poradnik\/"]}]},{"@type":"BreadcrumbList","@id":"https:\/\/daw-term-bud.com\/index.php\/poradnik\/#breadcrumb","itemListElement":[{"@type":"ListItem","position":1,"name":"Strona g\u0142\u00f3wna","item":"https:\/\/daw-term-bud.com\/"},{"@type":"ListItem","position":2,"name":"Poradnik"}]},{"@type":"WebSite","@id":"https:\/\/daw-term-bud.com\/#website","url":"https:\/\/daw-term-bud.com\/","name":"Daw-Term-Bud","description":"Izolacje we\u0142n\u0105 celulozow\u0105","publisher":{"@id":"https:\/\/daw-term-bud.com\/#organization"},"potentialAction":[{"@type":"SearchAction","target":{"@type":"EntryPoint","urlTemplate":"https:\/\/daw-term-bud.com\/?s={search_term_string}"},"query-input":{"@type":"PropertyValueSpecification","valueRequired":true,"valueName":"search_term_string"}}],"inLanguage":"pl-PL"},{"@type":"Organization","@id":"https:\/\/daw-term-bud.com\/#organization","name":"Dawid Kry\u015bciak, DAW-TERM-BUD","url":"https:\/\/daw-term-bud.com\/","logo":{"@type":"ImageObject","inLanguage":"pl-PL","@id":"https:\/\/daw-term-bud.com\/#\/schema\/logo\/image\/","url":"http:\/\/daw-term-bud.com\/wp-content\/uploads\/2022\/11\/daw-term-bud-logo.svg","contentUrl":"http:\/\/daw-term-bud.com\/wp-content\/uploads\/2022\/11\/daw-term-bud-logo.svg","width":"1024","height":"1024","caption":"Dawid Kry\u015bciak, DAW-TERM-BUD"},"image":{"@id":"https:\/\/daw-term-bud.com\/#\/schema\/logo\/image\/"},"sameAs":["https:\/\/www.facebook.com\/profile.php?id=100068307712218"]}]}},"_links":{"self":[{"href":"https:\/\/daw-term-bud.com\/index.php\/wp-json\/wp\/v2\/pages\/118","targetHints":{"allow":["GET"]}}],"collection":[{"href":"https:\/\/daw-term-bud.com\/index.php\/wp-json\/wp\/v2\/pages"}],"about":[{"href":"https:\/\/daw-term-bud.com\/index.php\/wp-json\/wp\/v2\/types\/page"}],"author":[{"embeddable":true,"href":"https:\/\/daw-term-bud.com\/index.php\/wp-json\/wp\/v2\/users\/2"}],"replies":[{"embeddable":true,"href":"https:\/\/daw-term-bud.com\/index.php\/wp-json\/wp\/v2\/comments?post=118"}],"version-history":[{"count":1,"href":"https:\/\/daw-term-bud.com\/index.php\/wp-json\/wp\/v2\/pages\/118\/revisions"}],"predecessor-version":[{"id":119,"href":"https:\/\/daw-term-bud.com\/index.php\/wp-json\/wp\/v2\/pages\/118\/revisions\/119"}],"wp:attachment":[{"href":"https:\/\/daw-term-bud.com\/index.php\/wp-json\/wp\/v2\/media?parent=118"}],"curies":[{"name":"wp","href":"https:\/\/api.w.org\/{rel}","templated":true}]}}